{"id":5,"date":"2020-03-29T08:04:10","date_gmt":"2020-03-29T06:04:10","guid":{"rendered":"http:\/\/ortenau-urlaub.de\/?page_id=5"},"modified":"2024-04-03T16:31:14","modified_gmt":"2024-04-03T14:31:14","slug":"impressum","status":"publish","type":"page","link":"https:\/\/ortenau-urlaub.de\/?page_id=5","title":{"rendered":"Impressum"},"content":{"rendered":"<p>Impressum<br \/>\nAngaben gem\u00e4\u00df \u00a7 5 TMG<br \/>\nF abian B erl<br \/>\nGlaserstra\u00dfe 1<br \/>\n77652 O ffenburg<\/p>\n<p>Kontakt<br \/>\nTelefon: 01637511855<br \/>\nE-Mail: kontakt@linoldruck.net<\/p>\n<p>Haftung f\u00fcr Inhalte<\/p>\n<p>Als Diensteanbieter sind wir gem\u00e4\u00df \u00a7 7 Abs.1 TMG f\u00fcr eigene Inhalte auf diesen Seiten nach den<br \/>\nallgemeinen Gesetzen verantwortlich. Nach \u00a7\u00a7 8 bis 10 TMG sind wir als Diensteanbieter jedoch nicht<br \/>\nverpflichtet, \u00fcbermittelte oder gespeicherte fremde Informationen zu \u00fcberwachen oder nach Umst\u00e4nden zu<br \/>\nforschen, die auf eine rechtswidrige T\u00e4tigkeit hinweisen.<br \/>\nVerpflichtungen zur Entfernung oder Sperrung der Nutzung von Informationen nach den allgemeinen<br \/>\nGesetzen bleiben hiervon unber\u00fchrt. Eine diesbez\u00fcgliche Haftung ist jedoch erst ab dem Zeitpunkt der<br \/>\nKenntnis einer konkreten Rechtsverletzung m\u00f6glich. Bei Bekanntwerden von entsprechenden<br \/>\nRechtsverletzungen werden wir diese Inhalte umgehend entfernen.<br \/>\nHaftung f\u00fcr Links<br \/>\nUnser Angebot enth\u00e4lt Links zu externen Websites Dritter, auf deren Inhalte wir keinen Einfluss haben.<br \/>\nDeshalb k\u00f6nnen wir f\u00fcr diese fremden Inhalte auch keine Gew\u00e4hr \u00fcbernehmen. F\u00fcr die Inhalte der<br \/>\nverlinkten Seiten ist stets der jeweilige Anbieter oder Betreiber der Seiten verantwortlich. Die verlinkten<br \/>\nSeiten wurden zum Zeitpunkt der Verlinkung auf m\u00f6gliche Rechtsverst\u00f6\u00dfe \u00fcberpr\u00fcft. Rechtswidrige Inhalte<br \/>\nwaren zum Zeitpunkt der Verlinkung nicht erkennbar.<br \/>\nEine permanente inhaltliche Kontrolle der verlinkten Seiten ist jedoch ohne konkrete Anhaltspunkte einer<br \/>\nRechtsverletzung nicht zumutbar. Bei Bekanntwerden von Rechtsverletzungen werden wir derartige Links<br \/>\numgehend entfernen.<br \/>\nUrheberrecht<br \/>\n2 \/ 4<br \/>\nDie durch die Seitenbetreiber erstellten Inhalte und Werke auf diesen Seiten unterliegen dem deutschen<br \/>\nUrheberrecht. Die Vervielf\u00e4ltigung, Bearbeitung, Verbreitung und jede Art der Verwertung au\u00dferhalb der<br \/>\nGrenzen des Urheberrechtes bed\u00fcrfen der schriftlichen Zustimmung des jeweiligen Autors bzw. Erstellers.<br \/>\nDownloads und Kopien dieser Seite sind nur f\u00fcr den privaten, nicht kommerziellen Gebrauch gestattet.<br \/>\nSoweit die Inhalte auf dieser Seite nicht vom Betreiber erstellt wurden, werden die Urheberrechte Dritter<br \/>\nbeachtet. Insbesondere werden Inhalte Dritter als solche gekennzeichnet. Sollten Sie trotzdem auf eine<br \/>\nUrheberrechtsverletzung aufmerksam werden, bitten wir um einen entsprechenden Hinweis. Bei<br \/>\nBekanntwerden von Rechtsverletzungen werden wir derartige Inhalte umgehend entfernen.<br \/>\nQuelle:<br \/>\nhttps:\/\/www.e-recht24.de<\/p>\n<p><strong>Ferienhaus.de Partnerprogramm<\/strong><\/p>\n<p>Wir nehmen am Ferienhaus.de Partnerprogramm teil. Auf unseren Seiten werden iFrame-Buchungsmasken und andere Werbemittel eingebunden, an denen wir \u00fcber Transaktionen, zum Beispiel durch Leads und Sales, eine Werbekostenerstattung erhalten k\u00f6nnen.<\/p>\n<p>Weitere Informationen zur Datennutzung durch Ferienhaus.de erhalten Sie in der Datenschutzerkl\u00e4rung von <a href=\"https:\/\/www.ferienhaus.de\" target=\"_blank\" rel=\"noopener\">Ferienhaus.de<\/a>.<\/p>\n","protected":false},"excerpt":{"rendered":"<p>Impressum Angaben gem\u00e4\u00df \u00a7 5 TMG F abian B erl Glaserstra\u00dfe 1 77652 O ffenburg Kontakt Telefon: 01637511855 E-Mail: kontakt@linoldruck.net<\/p>\n","protected":false},"author":1,"featured_media":0,"parent":0,"menu_order":0,"comment_status":"closed","ping_status":"closed","template":"","meta":{"footnotes":""},"yoast_head":"<!-- This site is optimized with the Yoast SEO plugin v16.2 - https:\/\/yoast.com\/wordpress\/plugins\/seo\/ -->\n<title>Impressum - ortenau-urlaub.de<\/title>\n<meta name=\"robots\" content=\"noindex, nofollow\" \/>\n<meta property=\"og:locale\" content=\"de_DE\" \/>\n<meta property=\"og:type\" content=\"article\" \/>\n<meta property=\"og:title\" content=\"Impressum - ortenau-urlaub.de\" \/>\n<meta property=\"og:description\" content=\"Impressum Angaben gem\u00e4\u00df \u00a7 5 TMG F abian B erl Glaserstra\u00dfe 1 77652 O ffenburg Kontakt Telefon: 01637511855 E-Mail: kontakt@linoldruck.net\" \/>\n<meta property=\"og:url\" content=\"https:\/\/ortenau-urlaub.de\/?page_id=5\" \/>\n<meta property=\"og:site_name\" content=\"ortenau-urlaub.de\" \/>\n<meta property=\"article:modified_time\" content=\"2024-04-03T14:31:14+00:00\" \/>\n<meta name=\"twitter:card\" content=\"summary_large_image\" \/>\n<meta name=\"twitter:label1\" content=\"Gesch\u00e4tzte Lesezeit\">\n\t<meta name=\"twitter:data1\" content=\"2\u00a0Minuten\">\n<script type=\"application\/ld+json\" class=\"yoast-schema-graph\">{\"@context\":\"https:\/\/schema.org\",\"@graph\":[{\"@type\":\"WebSite\",\"@id\":\"https:\/\/ortenau-urlaub.de\/#website\",\"url\":\"https:\/\/ortenau-urlaub.de\/\",\"name\":\"ortenau-urlaub.de\",\"description\":\"mitten in Baden, mitten im Schwarzwald\",\"potentialAction\":[{\"@type\":\"SearchAction\",\"target\":\"https:\/\/ortenau-urlaub.de\/?s={search_term_string}\",\"query-input\":\"required name=search_term_string\"}],\"inLanguage\":\"de\"},{\"@type\":\"WebPage\",\"@id\":\"https:\/\/ortenau-urlaub.de\/?page_id=5#webpage\",\"url\":\"https:\/\/ortenau-urlaub.de\/?page_id=5\",\"name\":\"Impressum - ortenau-urlaub.de\",\"isPartOf\":{\"@id\":\"https:\/\/ortenau-urlaub.de\/#website\"},\"datePublished\":\"2020-03-29T06:04:10+00:00\",\"dateModified\":\"2024-04-03T14:31:14+00:00\",\"breadcrumb\":{\"@id\":\"https:\/\/ortenau-urlaub.de\/?page_id=5#breadcrumb\"},\"inLanguage\":\"de\",\"potentialAction\":[{\"@type\":\"ReadAction\",\"target\":[\"https:\/\/ortenau-urlaub.de\/?page_id=5\"]}]},{\"@type\":\"BreadcrumbList\",\"@id\":\"https:\/\/ortenau-urlaub.de\/?page_id=5#breadcrumb\",\"itemListElement\":[{\"@type\":\"ListItem\",\"position\":1,\"item\":{\"@type\":\"WebPage\",\"@id\":\"https:\/\/ortenau-urlaub.de\/\",\"url\":\"https:\/\/ortenau-urlaub.de\/\",\"name\":\"Startseite\"}},{\"@type\":\"ListItem\",\"position\":2,\"item\":{\"@id\":\"https:\/\/ortenau-urlaub.de\/?page_id=5#webpage\"}}]}]}<\/script>\n<!-- \/ Yoast SEO plugin. -->","_links":{"self":[{"href":"https:\/\/ortenau-urlaub.de\/index.php?rest_route=\/wp\/v2\/pages\/5"}],"collection":[{"href":"https:\/\/ortenau-urlaub.de\/index.php?rest_route=\/wp\/v2\/pages"}],"about":[{"href":"https:\/\/ortenau-urlaub.de\/index.php?rest_route=\/wp\/v2\/types\/page"}],"author":[{"embeddable":true,"href":"https:\/\/ortenau-urlaub.de\/index.php?rest_route=\/wp\/v2\/users\/1"}],"replies":[{"embeddable":true,"href":"https:\/\/ortenau-urlaub.de\/index.php?rest_route=%2Fwp%2Fv2%2Fcomments&post=5"}],"version-history":[{"count":4,"href":"https:\/\/ortenau-urlaub.de\/index.php?rest_route=\/wp\/v2\/pages\/5\/revisions"}],"predecessor-version":[{"id":590,"href":"https:\/\/ortenau-urlaub.de\/index.php?rest_route=\/wp\/v2\/pages\/5\/revisions\/590"}],"wp:attachment":[{"href":"https:\/\/ortenau-urlaub.de\/index.php?rest_route=%2Fwp%2Fv2%2Fmedia&parent=5"}],"curies":[{"name":"wp","href":"https:\/\/api.w.org\/{rel}","templated":true}]}}